{"id":391,"date":"2025-08-13T09:58:18","date_gmt":"2025-08-13T07:58:18","guid":{"rendered":"http:\/\/localhost\/about\/"},"modified":"2025-10-23T23:51:19","modified_gmt":"2025-10-23T21:51:19","slug":"about","status":"publish","type":"page","link":"https:\/\/brnetwork.eu\/it\/about\/","title":{"rendered":"About"},"content":{"rendered":"<div class=\"wp-block-uagb-container uagb-block-92c53993 alignfull uagb-is-root-container\"><div class=\"uagb-container-inner-blocks-wrap\">\n<div class=\"wp-block-uagb-advanced-heading uagb-block-e9ccaa5f\"><h1 class=\"uagb-heading-text\">La storia di BRnetwork<\/h1><\/div>\n<\/div><\/div>\n\n\n\n<div class=\"wp-block-columns is-layout-flex wp-container-core-columns-is-layout-28f84493 wp-block-columns-is-layout-flex\">\n<div class=\"wp-block-column is-layout-flow wp-block-column-is-layout-flow\" style=\"flex-basis:100%\">\n<div class=\"wp-block-uagb-container uagb-block-07c8bcc3 alignfull uagb-is-root-container\"><div class=\"uagb-container-inner-blocks-wrap\">\n<div class=\"wp-block-uagb-advanced-heading uagb-block-a206425a\"><h2 class=\"uagb-heading-text\">A Saga da Fam\u00edlia Gulli<\/h2><p class=\"uagb-desc-text\">Do Mar \u00e0 Ponte Entre Dois Mundos<\/p><\/div>\n\n\n\n<div class=\"wp-block-uagb-container uagb-block-b734a210\">\n<div class=\"wp-block-columns is-layout-flex wp-container-core-columns-is-layout-28f84493 wp-block-columns-is-layout-flex\">\n<div class=\"wp-block-column is-layout-flow wp-block-column-is-layout-flow\" style=\"flex-basis:33%\">\n<figure class=\"wp-block-image size-full\"><img loading=\"lazy\" decoding=\"async\" width=\"320\" height=\"400\" src=\"https:\/\/brnetwork.eu\/wp-content\/uploads\/2025\/08\/320x400_leonardo_gulli.jpg\" alt=\"\" class=\"wp-image-2685\" srcset=\"https:\/\/brnetwork.eu\/wp-content\/uploads\/2025\/08\/320x400_leonardo_gulli.jpg 320w, https:\/\/brnetwork.eu\/wp-content\/uploads\/2025\/08\/320x400_leonardo_gulli-240x300.jpg 240w, https:\/\/brnetwork.eu\/wp-content\/uploads\/2025\/08\/320x400_leonardo_gulli-10x12.jpg 10w\" sizes=\"auto, (max-width: 320px) 100vw, 320px\" \/><\/figure>\n<\/div>\n\n\n\n<div class=\"wp-block-column is-layout-flow wp-block-column-is-layout-flow\" style=\"flex-basis:67%\">\n<h3 class=\"wp-block-heading\"><strong>As origens: Leonardo Gulli e a coragem de partir<\/strong><\/h3>\n\n\n\n<p>Era 21 de junho de 1895 quando, em Borgia, na Cal\u00e1bria, nasceu Leonardo Gulli. Jovem capit\u00e3o de um navio de guerra, viveu intensamente os anos da Primeira Guerra Mundial.<br>Quando os canh\u00f5es silenciaram, Leonardo escolheu um novo rumo: zarpar em dire\u00e7\u00e3o ao Brasil, terra de esperan\u00e7a e futuro.<\/p>\n\n\n\n<p>L\u00e1 encontrou o amor de <strong>Natalina Mungo<\/strong>, uma mulher \u00edtalo-brasileira, com quem construiu uma fam\u00edlia s\u00f3lida e respeitada. Em <strong>Presidente Prudente<\/strong>, no estado de S\u00e3o Paulo, seu nome ficou t\u00e3o marcado que, at\u00e9 hoje, uma das ruas leva o nome <strong>\u201cRua Leonardo Gulli\u201d<\/strong>.<\/p>\n\n\n\n<p>Tr\u00eas gera\u00e7\u00f5es depois, aquele antigo chamado voltou a se fazer ouvir. Em 2006, a fam\u00edlia Gulli retornou \u00e0 It\u00e1lia para redescobrir suas ra\u00edzes.<br>Eu cheguei dois anos depois.<\/p>\n<\/div>\n<\/div>\n<\/div>\n\n\n\n<div class=\"wp-block-uagb-container uagb-block-5c428fd1\">\n<div class=\"wp-block-uagb-advanced-heading uagb-block-db7fef03\"><p class=\"uagb-desc-text\">Tre generazioni dopo, quel richiamo antico torn\u00f2 a farsi sentire. Nel 2006, la famiglia Gulli fece ritorno in Italia per riscoprire le proprie radici.Io arrivai due anni dopo.<br><br><strong>Meu nome \u00e9 Tiago Micael Moreira,<\/strong> filho de <strong>Sandra Gulli<\/strong>.<br>Parti do Brasil pensando em uma simples viagem de f\u00e9rias, mas a It\u00e1lia me conquistou.<br>Era um pa\u00eds em crise, abalado pelo colapso dos empr\u00e9stimos \u201csubprime\u201d, mas eu \u2014 criado nas dificuldades brasileiras e com o esp\u00edrito \u201cMacGyver\u201d que sempre me caracterizou \u2014 transformei os desafios em oportunidades.<\/p><\/div>\n\n\n\n<p>In meno di sei mesi imparai l\u2019italiano.<br>Trovai lavoro.<br>Iniziai un percorso di crescita personale e professionale.<br><br>Studiando Amministrazione, Finanza e Marketing, approfondendo la psicologia e lavorando come Coach Fitness, Project Manager e Responsabile Commerciale, capii che la mia missione era pi\u00f9 grande: contribuire a creare connessioni tra persone e culture.<\/p>\n<\/div>\n<\/div><\/div>\n\n\n\n<div class=\"wp-block-uagb-container uagb-block-11d701ef alignfull uagb-is-root-container\"><div class=\"uagb-container-inner-blocks-wrap\">\n<div class=\"wp-block-columns is-layout-flex wp-container-core-columns-is-layout-28f84493 wp-block-columns-is-layout-flex\">\n<div class=\"wp-block-column is-layout-flow wp-block-column-is-layout-flow\" style=\"flex-basis:67%\">\n<h3 class=\"wp-block-heading\">A identidade \u00edtalo-brasileira: um desafio interior<\/h3>\n\n\n\n<p>Toda viagem traz consigo perguntas profundas. A minha era:<br><strong>\u201cSou italiano ou brasileiro?\u201d<\/strong><\/p>\n\n\n\n<p>Durante seis anos vivi dividido, sem me sentir totalmente parte de nenhum dos dois mundos.<br>Somente depois de muita reflex\u00e3o entendi a verdade: <strong>eu n\u00e3o precisava escolher.<\/strong><\/p>\n\n\n\n<p>Sou <strong>\u00cdtalo-Brasileiro.<\/strong><br>Dentro de mim convivem a <strong>resili\u00eancia e a alegria do Brasil<\/strong> com a <strong>disciplina e a paix\u00e3o da It\u00e1lia.<\/strong><\/p>\n<\/div>\n\n\n\n<div class=\"wp-block-column is-layout-flow wp-block-column-is-layout-flow\" style=\"flex-basis:33%\">\n<figure class=\"wp-block-image size-full\"><img loading=\"lazy\" decoding=\"async\" width=\"320\" height=\"400\" src=\"https:\/\/brnetwork.eu\/wp-content\/uploads\/2025\/08\/320x400_tiago_micael_moreira_meditazione.jpg\" alt=\"\" class=\"wp-image-2691\" srcset=\"https:\/\/brnetwork.eu\/wp-content\/uploads\/2025\/08\/320x400_tiago_micael_moreira_meditazione.jpg 320w, https:\/\/brnetwork.eu\/wp-content\/uploads\/2025\/08\/320x400_tiago_micael_moreira_meditazione-240x300.jpg 240w, https:\/\/brnetwork.eu\/wp-content\/uploads\/2025\/08\/320x400_tiago_micael_moreira_meditazione-10x12.jpg 10w\" sizes=\"auto, (max-width: 320px) 100vw, 320px\" \/><\/figure>\n<\/div>\n<\/div>\n<\/div><\/div>\n\n\n\n<div class=\"wp-block-uagb-container uagb-block-1dcc2b0b alignfull uagb-is-root-container\"><div class=\"uagb-container-inner-blocks-wrap\">\n<div class=\"wp-block-columns is-layout-flex wp-container-core-columns-is-layout-28f84493 wp-block-columns-is-layout-flex\">\n<div class=\"wp-block-column is-layout-flow wp-block-column-is-layout-flow\" style=\"flex-basis:33.33%\">\n<figure class=\"wp-block-image size-full\"><img loading=\"lazy\" decoding=\"async\" width=\"320\" height=\"400\" src=\"https:\/\/brnetwork.eu\/wp-content\/uploads\/2025\/08\/320x400_tiago_e_alba_nuovo_mondo.jpg\" alt=\"\" class=\"wp-image-2692\" srcset=\"https:\/\/brnetwork.eu\/wp-content\/uploads\/2025\/08\/320x400_tiago_e_alba_nuovo_mondo.jpg 320w, https:\/\/brnetwork.eu\/wp-content\/uploads\/2025\/08\/320x400_tiago_e_alba_nuovo_mondo-240x300.jpg 240w, https:\/\/brnetwork.eu\/wp-content\/uploads\/2025\/08\/320x400_tiago_e_alba_nuovo_mondo-10x12.jpg 10w\" sizes=\"auto, (max-width: 320px) 100vw, 320px\" \/><\/figure>\n<\/div>\n\n\n\n<div class=\"wp-block-column is-layout-flow wp-block-column-is-layout-flow\" style=\"flex-basis:66.66%\">\n<h3 class=\"wp-block-heading\"><strong>A Alba de um novo prop\u00f3sito<\/strong><\/h3>\n\n\n\n<p>Em 2023, com o nascimento da minha filha, minha jornada ganhou um novo significado.<\/p>\n\n\n\n<p>Eu n\u00e3o queria que ela crescesse com o mesmo conflito interior.<br>Desejava que conhecesse o Brasil, aprendesse o portugu\u00eas e compreendesse que sua identidade <strong>n\u00e3o \u00e9 limitada por fronteiras geogr\u00e1ficas.<\/strong><\/p>\n\n\n\n<p>Mas percebi que faltavam <strong>ferramentas e recursos<\/strong> para ajudar as fam\u00edlias brasileiras na It\u00e1lia a <strong>manterem vivas suas ra\u00edzes<\/strong>.<\/p>\n\n\n\n<p>Dessa necessidade nasceu a <strong>BRnetwork<\/strong>, muito mais do que um simples portal.<\/p>\n\n\n\n<p>\u00c9 <strong>um espa\u00e7o de conex\u00e3o e apoio<\/strong> para brasileiros que vivem na Europa \u2014 sejam rec\u00e9m-chegados ou j\u00e1 estabelecidos aqui.<\/p>\n\n\n\n<p>Na <strong>BRnetwork<\/strong>, voc\u00ea encontrar\u00e1:<\/p>\n\n\n\n<ul class=\"wp-block-list\">\n<li><strong>Ferramentas pr\u00e1ticas<\/strong> para se integrar na It\u00e1lia sem perder suas ra\u00edzes.<\/li>\n\n\n\n<li><strong>Oportunidades de crescimento econ\u00f4mico, profissional e pessoal.<\/strong><\/li>\n\n\n\n<li><strong>Um espa\u00e7o de comunidade<\/strong>, onde a energia, alegria e carisma brasileiros se unem \u00e0 solidez e \u00e0s oportunidades italianas.<\/li>\n<\/ul>\n\n\n\n<p><em>&#8220;A verdadeira riqueza n\u00e3o est\u00e1 em escolher entre duas culturas, mas em aprender a fundi-las em uma \u00fanica ess\u00eancia.<\/em>&#8220;<br><strong>\u2013 Tiago Micael Moreira (fundador da BRnetwork)<\/strong><\/p>\n<\/div>\n<\/div>\n<\/div><\/div>\n<\/div>\n<\/div>\n\n\n\n<div class=\"wp-block-uagb-container uagb-block-7c5d99b4 alignfull uagb-is-root-container\"><div class=\"uagb-container-inner-blocks-wrap\">\n<header class=\"wp-block-uagb-advanced-heading uagb-block-5a7beb77\"><h2 class=\"uagb-heading-text\">Como podemos colaborar?<\/h2><\/header>\n\n\n\n<div class=\"wp-block-uagb-container uagb-block-9d9ab17d\">\n<div class=\"wp-block-group is-nowrap is-layout-flex wp-container-core-group-is-layout-6c531013 wp-block-group-is-layout-flex\">\n<div class=\"wp-block-uagb-info-box uagb-block-c9a16da7 uagb-infobox__content-wrap  uagb-infobox-icon-above-title uagb-infobox-image-valign-top wp-block-uagb-info-box--has-margin\"><div class=\"uagb-infobox-margin-wrapper\"><div class=\"uagb-ifb-content\"><div class=\"uagb-ifb-title-wrap\"><div class=\"uagb-ifb-separator\"><\/div><\/div><p class=\"uagb-ifb-desc\">La <strong>BRnetwork<\/strong> \u00e9 muito mais que uma plataforma: queremos criar um <strong>espa\u00e7o vivo e aut\u00eantico<\/strong>, onde as pessoas possam se inspirar, se <strong>conectar e crescer <\/strong>juntas, gerando um impacto real na vida de quem nos encontra.<\/p><\/div><\/div><\/div>\n\n\n\n<div class=\"wp-block-uagb-container uagb-block-852618c9\">\n<div class=\"wp-block-uagb-info-box uagb-block-33f9edf7 uagb-infobox__content-wrap  uagb-infobox-icon-above-title uagb-infobox-image-valign-top wp-block-uagb-info-box--has-margin\"><div class=\"uagb-infobox-margin-wrapper\"><div class=\"uagb-ifb-content\"><div class=\"uagb-ifb-title-wrap\"><div class=\"uagb-ifb-separator\"><\/div><h2 class=\"uagb-ifb-title\">Quer fazer parte?<\/h2><\/div><p class=\"uagb-ifb-desc\">Estamos em busca de <strong>networkers apaixonados e vision\u00e1rios <\/strong>\u2014 pessoas dispostas a se desafiar, crescer pessoalmente e contribuir para uma mudan\u00e7a positiva na sociedade.<\/p><div class=\"uagb-ifb-button-wrapper wp-block-button\"><a href=\"\/it\/contact\/\" class=\"uagb-infobox-cta-link ast-outline-button\" target=\"_self\" rel=\"noopener noreferrer\" style=\"border-width:revert-layer\" onclick=\"return true;\"><span class=\"uagb-inline-editing\">Contattaci<\/span><\/a><\/div><\/div><\/div><\/div>\n<\/div>\n<\/div>\n<\/div>\n<\/div><\/div>","protected":false},"excerpt":{"rendered":"<p>A hist\u00f3ria da BRnetwork A Saga da Fam\u00edlia Gulli Do Mar \u00e0 Ponte Entre Dois Mundos As origens: Leonardo Gulli e a coragem de partir Era 21 de junho de 1895 quando, em Borgia, na Cal\u00e1bria, nasceu Leonardo Gulli. Jovem capit\u00e3o de um navio de guerra, viveu intensamente os anos da Primeira Guerra Mundial.Quando os [&hellip;]<\/p>\n","protected":false},"author":1,"featured_media":0,"parent":0,"menu_order":0,"comment_status":"closed","ping_status":"closed","template":"","meta":{"_acf_changed":false,"_uag_custom_page_level_css":"","site-sidebar-layout":"no-sidebar","site-content-layout":"plain-container","ast-site-content-layout":"full-width-container","site-content-style":"unboxed","site-sidebar-style":"unboxed","ast-global-header-display":"","ast-banner-title-visibility":"","ast-main-header-display":"","ast-hfb-above-header-display":"","ast-hfb-below-header-display":"","ast-hfb-mobile-header-display":"","site-post-title":"disabled","ast-breadcrumbs-content":"","ast-featured-img":"disabled","footer-sml-layout":"","theme-transparent-header-meta":"default","adv-header-id-meta":"","stick-header-meta":"","header-above-stick-meta":"","header-main-stick-meta":"","header-below-stick-meta":"","astra-migrate-meta-layouts":"set","ast-page-background-enabled":"default","ast-page-background-meta":{"desktop":{"background-color":"","background-image":"","background-repeat":"repeat","background-position":"center center","background-size":"auto","background-attachment":"scroll","background-type":"","background-media":"","overlay-type":"","overlay-color":"","overlay-opacity":"","overlay-gradient":""},"tablet":{"background-color":"","background-image":"","background-repeat":"repeat","background-position":"center center","background-size":"auto","background-attachment":"scroll","background-type":"","background-media":"","overlay-type":"","overlay-color":"","overlay-opacity":"","overlay-gradient":""},"mobile":{"background-color":"","background-image":"","background-repeat":"repeat","background-position":"center center","background-size":"auto","background-attachment":"scroll","background-type":"","background-media":"","overlay-type":"","overlay-color":"","overlay-opacity":"","overlay-gradient":""}},"ast-content-background-meta":{"desktop":{"background-color":"var(--ast-global-color-5)","background-image":"","background-repeat":"repeat","background-position":"center center","background-size":"auto","background-attachment":"scroll","background-type":"","background-media":"","overlay-type":"","overlay-color":"","overlay-opacity":"","overlay-gradient":""},"tablet":{"background-color":"var(--ast-global-color-5)","background-image":"","background-repeat":"repeat","background-position":"center center","background-size":"auto","background-attachment":"scroll","background-type":"","background-media":"","overlay-type":"","overlay-color":"","overlay-opacity":"","overlay-gradient":""},"mobile":{"background-color":"var(--ast-global-color-5)","background-image":"","background-repeat":"repeat","background-position":"center center","background-size":"auto","background-attachment":"scroll","background-type":"","background-media":"","overlay-type":"","overlay-color":"","overlay-opacity":"","overlay-gradient":""}},"footnotes":""},"class_list":["post-391","page","type-page","status-publish","hentry"],"acf":[],"yoast_head":"<!-- This site is optimized with the Yoast SEO plugin v27.5 - https:\/\/yoast.com\/product\/yoast-seo-wordpress\/ -->\n<title>Descubra a hist\u00f3ria da BRnetwork:<\/title>\n<meta name=\"description\" content=\"o relato da identidade \u00edtalo-brasileira, o fundador Tiago Moreira e a miss\u00e3o de conectar brasileiros na Europa.\" \/>\n<meta name=\"robots\" content=\"index, follow, max-snippet:-1, max-image-preview:large, max-video-preview:-1\" \/>\n<link rel=\"canonical\" href=\"https:\/\/brnetwork.eu\/it\/about\/\" \/>\n<meta property=\"og:locale\" content=\"it_IT\" \/>\n<meta property=\"og:type\" content=\"article\" \/>\n<meta property=\"og:title\" content=\"Descubra a hist\u00f3ria da BRnetwork:\" \/>\n<meta property=\"og:description\" content=\"o relato da identidade \u00edtalo-brasileira, o fundador Tiago Moreira e a miss\u00e3o de conectar brasileiros na Europa.\" \/>\n<meta property=\"og:url\" content=\"https:\/\/brnetwork.eu\/it\/about\/\" \/>\n<meta property=\"og:site_name\" content=\"BRnetwork\" \/>\n<meta property=\"article:publisher\" content=\"https:\/\/www.facebook.com\/profile.php?id=61579223851729\" \/>\n<meta property=\"article:modified_time\" content=\"2025-10-23T21:51:19+00:00\" \/>\n<meta property=\"og:image\" content=\"https:\/\/brnetwork.eu\/wp-content\/uploads\/2025\/08\/320x400_leonardo_gulli.jpg\" \/>\n\t<meta property=\"og:image:width\" content=\"320\" \/>\n\t<meta property=\"og:image:height\" content=\"400\" \/>\n\t<meta property=\"og:image:type\" content=\"image\/jpeg\" \/>\n<meta name=\"twitter:card\" content=\"summary_large_image\" \/>\n<meta name=\"twitter:label1\" content=\"Tempo di lettura stimato\" \/>\n\t<meta name=\"twitter:data1\" content=\"4 minuti\" \/>\n<script type=\"application\/ld+json\" class=\"yoast-schema-graph\">{\"@context\":\"https:\\\/\\\/schema.org\",\"@graph\":[{\"@type\":\"WebPage\",\"@id\":\"https:\\\/\\\/brnetwork.eu\\\/about\\\/\",\"url\":\"https:\\\/\\\/brnetwork.eu\\\/about\\\/\",\"name\":\"Descubra a hist\u00f3ria da BRnetwork:\",\"isPartOf\":{\"@id\":\"https:\\\/\\\/brnetwork.eu\\\/#website\"},\"primaryImageOfPage\":{\"@id\":\"https:\\\/\\\/brnetwork.eu\\\/about\\\/#primaryimage\"},\"image\":{\"@id\":\"https:\\\/\\\/brnetwork.eu\\\/about\\\/#primaryimage\"},\"thumbnailUrl\":\"https:\\\/\\\/brnetwork.eu\\\/wp-content\\\/uploads\\\/2025\\\/08\\\/320x400_leonardo_gulli.jpg\",\"datePublished\":\"2025-08-13T07:58:18+00:00\",\"dateModified\":\"2025-10-23T21:51:19+00:00\",\"description\":\"o relato da identidade \u00edtalo-brasileira, o fundador Tiago Moreira e a miss\u00e3o de conectar brasileiros na Europa.\",\"breadcrumb\":{\"@id\":\"https:\\\/\\\/brnetwork.eu\\\/about\\\/#breadcrumb\"},\"inLanguage\":\"it-IT\",\"potentialAction\":[{\"@type\":\"ReadAction\",\"target\":[\"https:\\\/\\\/brnetwork.eu\\\/about\\\/\"]}]},{\"@type\":\"ImageObject\",\"inLanguage\":\"it-IT\",\"@id\":\"https:\\\/\\\/brnetwork.eu\\\/about\\\/#primaryimage\",\"url\":\"https:\\\/\\\/brnetwork.eu\\\/wp-content\\\/uploads\\\/2025\\\/08\\\/320x400_leonardo_gulli.jpg\",\"contentUrl\":\"https:\\\/\\\/brnetwork.eu\\\/wp-content\\\/uploads\\\/2025\\\/08\\\/320x400_leonardo_gulli.jpg\"},{\"@type\":\"BreadcrumbList\",\"@id\":\"https:\\\/\\\/brnetwork.eu\\\/about\\\/#breadcrumb\",\"itemListElement\":[{\"@type\":\"ListItem\",\"position\":1,\"name\":\"Home\",\"item\":\"https:\\\/\\\/brnetwork.eu\\\/\"},{\"@type\":\"ListItem\",\"position\":2,\"name\":\"About\"}]},{\"@type\":\"WebSite\",\"@id\":\"https:\\\/\\\/brnetwork.eu\\\/#website\",\"url\":\"https:\\\/\\\/brnetwork.eu\\\/\",\"name\":\"BRete\",\"description\":\"Impulsionar o networking e os neg\u00f3cios brasileiros na Europa.\",\"publisher\":{\"@id\":\"https:\\\/\\\/brnetwork.eu\\\/#organization\"},\"potentialAction\":[{\"@type\":\"SearchAction\",\"target\":{\"@type\":\"EntryPoint\",\"urlTemplate\":\"https:\\\/\\\/brnetwork.eu\\\/?s={search_term_string}\"},\"query-input\":{\"@type\":\"PropertyValueSpecification\",\"valueRequired\":true,\"valueName\":\"search_term_string\"}}],\"inLanguage\":\"it-IT\"},{\"@type\":\"Organization\",\"@id\":\"https:\\\/\\\/brnetwork.eu\\\/#organization\",\"name\":\"BRete\",\"url\":\"https:\\\/\\\/brnetwork.eu\\\/\",\"logo\":{\"@type\":\"ImageObject\",\"inLanguage\":\"it-IT\",\"@id\":\"https:\\\/\\\/brnetwork.eu\\\/#\\\/schema\\\/logo\\\/image\\\/\",\"url\":\"https:\\\/\\\/brnetwork.eu\\\/wp-content\\\/uploads\\\/2025\\\/08\\\/brete-logo.png\",\"contentUrl\":\"https:\\\/\\\/brnetwork.eu\\\/wp-content\\\/uploads\\\/2025\\\/08\\\/brete-logo.png\",\"width\":2558,\"height\":856,\"caption\":\"BRete\"},\"image\":{\"@id\":\"https:\\\/\\\/brnetwork.eu\\\/#\\\/schema\\\/logo\\\/image\\\/\"},\"sameAs\":[\"https:\\\/\\\/www.facebook.com\\\/profile.php?id=61579223851729\",\"https:\\\/\\\/www.linkedin.com\\\/company\\\/brete\"]}]}<\/script>\n<!-- \/ Yoast SEO plugin. -->","yoast_head_json":{"title":"Descubra a hist\u00f3ria da BRnetwork:","description":"o relato da identidade \u00edtalo-brasileira, o fundador Tiago Moreira e a miss\u00e3o de conectar brasileiros na Europa.","robots":{"index":"index","follow":"follow","max-snippet":"max-snippet:-1","max-image-preview":"max-image-preview:large","max-video-preview":"max-video-preview:-1"},"canonical":"https:\/\/brnetwork.eu\/it\/about\/","og_locale":"it_IT","og_type":"article","og_title":"Descubra a hist\u00f3ria da BRnetwork:","og_description":"o relato da identidade \u00edtalo-brasileira, o fundador Tiago Moreira e a miss\u00e3o de conectar brasileiros na Europa.","og_url":"https:\/\/brnetwork.eu\/it\/about\/","og_site_name":"BRnetwork","article_publisher":"https:\/\/www.facebook.com\/profile.php?id=61579223851729","article_modified_time":"2025-10-23T21:51:19+00:00","og_image":[{"width":320,"height":400,"url":"https:\/\/brnetwork.eu\/wp-content\/uploads\/2025\/08\/320x400_leonardo_gulli.jpg","type":"image\/jpeg"}],"twitter_card":"summary_large_image","twitter_misc":{"Tempo di lettura stimato":"4 minuti"},"schema":{"@context":"https:\/\/schema.org","@graph":[{"@type":"WebPage","@id":"https:\/\/brnetwork.eu\/about\/","url":"https:\/\/brnetwork.eu\/about\/","name":"Descubra a hist\u00f3ria da BRnetwork:","isPartOf":{"@id":"https:\/\/brnetwork.eu\/#website"},"primaryImageOfPage":{"@id":"https:\/\/brnetwork.eu\/about\/#primaryimage"},"image":{"@id":"https:\/\/brnetwork.eu\/about\/#primaryimage"},"thumbnailUrl":"https:\/\/brnetwork.eu\/wp-content\/uploads\/2025\/08\/320x400_leonardo_gulli.jpg","datePublished":"2025-08-13T07:58:18+00:00","dateModified":"2025-10-23T21:51:19+00:00","description":"o relato da identidade \u00edtalo-brasileira, o fundador Tiago Moreira e a miss\u00e3o de conectar brasileiros na Europa.","breadcrumb":{"@id":"https:\/\/brnetwork.eu\/about\/#breadcrumb"},"inLanguage":"it-IT","potentialAction":[{"@type":"ReadAction","target":["https:\/\/brnetwork.eu\/about\/"]}]},{"@type":"ImageObject","inLanguage":"it-IT","@id":"https:\/\/brnetwork.eu\/about\/#primaryimage","url":"https:\/\/brnetwork.eu\/wp-content\/uploads\/2025\/08\/320x400_leonardo_gulli.jpg","contentUrl":"https:\/\/brnetwork.eu\/wp-content\/uploads\/2025\/08\/320x400_leonardo_gulli.jpg"},{"@type":"BreadcrumbList","@id":"https:\/\/brnetwork.eu\/about\/#breadcrumb","itemListElement":[{"@type":"ListItem","position":1,"name":"Home","item":"https:\/\/brnetwork.eu\/"},{"@type":"ListItem","position":2,"name":"About"}]},{"@type":"WebSite","@id":"https:\/\/brnetwork.eu\/#website","url":"https:\/\/brnetwork.eu\/","name":"BRete","description":"Impulsionar o networking e os neg\u00f3cios brasileiros na Europa.","publisher":{"@id":"https:\/\/brnetwork.eu\/#organization"},"potentialAction":[{"@type":"SearchAction","target":{"@type":"EntryPoint","urlTemplate":"https:\/\/brnetwork.eu\/?s={search_term_string}"},"query-input":{"@type":"PropertyValueSpecification","valueRequired":true,"valueName":"search_term_string"}}],"inLanguage":"it-IT"},{"@type":"Organization","@id":"https:\/\/brnetwork.eu\/#organization","name":"BRete","url":"https:\/\/brnetwork.eu\/","logo":{"@type":"ImageObject","inLanguage":"it-IT","@id":"https:\/\/brnetwork.eu\/#\/schema\/logo\/image\/","url":"https:\/\/brnetwork.eu\/wp-content\/uploads\/2025\/08\/brete-logo.png","contentUrl":"https:\/\/brnetwork.eu\/wp-content\/uploads\/2025\/08\/brete-logo.png","width":2558,"height":856,"caption":"BRete"},"image":{"@id":"https:\/\/brnetwork.eu\/#\/schema\/logo\/image\/"},"sameAs":["https:\/\/www.facebook.com\/profile.php?id=61579223851729","https:\/\/www.linkedin.com\/company\/brete"]}]}},"uagb_featured_image_src":{"full":false,"thumbnail":false,"medium":false,"medium_large":false,"large":false,"1536x1536":false,"2048x2048":false,"trp-custom-language-flag":false},"uagb_author_info":{"display_name":"root","author_link":"https:\/\/brnetwork.eu\/it\/author\/root\/"},"uagb_comment_info":0,"uagb_excerpt":"A hist\u00f3ria da BRnetwork A Saga da Fam\u00edlia Gulli Do Mar \u00e0 Ponte Entre Dois Mundos As origens: Leonardo Gulli e a coragem de partir Era 21 de junho de 1895 quando, em Borgia, na Cal\u00e1bria, nasceu Leonardo Gulli. Jovem capit\u00e3o de um navio de guerra, viveu intensamente os anos da Primeira Guerra Mundial.Quando os&hellip;","_links":{"self":[{"href":"https:\/\/brnetwork.eu\/it\/wp-json\/wp\/v2\/pages\/391","targetHints":{"allow":["GET"]}}],"collection":[{"href":"https:\/\/brnetwork.eu\/it\/wp-json\/wp\/v2\/pages"}],"about":[{"href":"https:\/\/brnetwork.eu\/it\/wp-json\/wp\/v2\/types\/page"}],"author":[{"embeddable":true,"href":"https:\/\/brnetwork.eu\/it\/wp-json\/wp\/v2\/users\/1"}],"replies":[{"embeddable":true,"href":"https:\/\/brnetwork.eu\/it\/wp-json\/wp\/v2\/comments?post=391"}],"version-history":[{"count":52,"href":"https:\/\/brnetwork.eu\/it\/wp-json\/wp\/v2\/pages\/391\/revisions"}],"predecessor-version":[{"id":3838,"href":"https:\/\/brnetwork.eu\/it\/wp-json\/wp\/v2\/pages\/391\/revisions\/3838"}],"wp:attachment":[{"href":"https:\/\/brnetwork.eu\/it\/wp-json\/wp\/v2\/media?parent=391"}],"curies":[{"name":"wp","href":"https:\/\/api.w.org\/{rel}","templated":true}]}}