{"id":395,"date":"2025-08-13T09:58:19","date_gmt":"2025-08-13T07:58:19","guid":{"rendered":"http:\/\/localhost\/courses\/"},"modified":"2025-10-24T00:02:09","modified_gmt":"2025-10-23T22:02:09","slug":"why-join","status":"publish","type":"page","link":"https:\/\/brnetwork.eu\/it\/why-join\/","title":{"rendered":"Why join"},"content":{"rendered":"<div class=\"wp-block-uagb-container uagb-block-67631224 alignfull uagb-is-root-container\"><div class=\"uagb-container-inner-blocks-wrap\">\n<div class=\"wp-block-uagb-advanced-heading uagb-block-67623225\"><h1 class=\"uagb-heading-text\">Por que se inscrever<\/h1><\/div>\n<\/div><\/div>\n\n\n\n<div class=\"wp-block-uagb-container uagb-block-33dba37c alignfull uagb-is-root-container\"><div class=\"uagb-container-inner-blocks-wrap\">\n<div class=\"wp-block-uagb-advanced-heading uagb-block-2b0d4657\"><h2 class=\"uagb-heading-text\">O <strong>Network N\u00ba1<\/strong> para Profissionais e Empreendedores <strong>Brasileiros na Europa<\/strong><\/h2><p class=\"uagb-desc-text\">Encontre clientes, parceiros e suporte estrat\u00e9gico. Fa\u00e7a parte da maior comunidade de neg\u00f3cios brasileira na Europa e fa\u00e7a seu neg\u00f3cio decolar.<\/p><\/div>\n\n\n\n<div class=\"wp-block-uagb-container uagb-block-79cbf977\">\n<div class=\"wp-block-uagb-marketing-button uagb-marketing-btn__align-center uagb-marketing-btn__align-text-center uagb-marketing-btn__icon-after uagb-block-6df5516e wp-block-button\"><a href=\"\/it\/subscribe\/\" class=\"uagb-marketing-btn__link wp-block-button__link\" target=\"\" rel=\"noopener noreferrer\"><span class=\"uagb-marketing-btn__title\">Iscriviti ora<\/span><svg xmlns=\"https:\/\/www.w3.org\/2000\/svg\" viewbox=\"0 0 512 512\"><path d=\"M384 320c-17.67 0-32 14.33-32 32v96H64V160h96c17.67 0 32-14.32 32-32s-14.33-32-32-32L64 96c-35.35 0-64 28.65-64 64V448c0 35.34 28.65 64 64 64h288c35.35 0 64-28.66 64-64v-96C416 334.3 401.7 320 384 320zM488 0H352c-12.94 0-24.62 7.797-29.56 19.75c-4.969 11.97-2.219 25.72 6.938 34.88L370.8 96L169.4 297.4c-12.5 12.5-12.5 32.75 0 45.25C175.6 348.9 183.8 352 192 352s16.38-3.125 22.62-9.375L416 141.3l41.38 41.38c9.156 9.141 22.88 11.84 34.88 6.938C504.2 184.6 512 172.9 512 160V24C512 10.74 501.3 0 488 0z\"><\/path><\/svg><p class=\"uagb-marketing-btn__prefix\">Aumente sua visibilidade!<\/p><\/a><\/div>\n<\/div>\n\n\n\n<div class=\"wp-block-uagb-container uagb-layout-grid uagb-block-09dae74c\">\n<div class=\"wp-block-uagb-info-box uagb-block-0d57930e uagb-infobox__content-wrap  uagb-infobox-icon-above-title uagb-infobox-image-valign-top wp-block-uagb-info-box--has-margin\"><div class=\"uagb-infobox-margin-wrapper\"><div class=\"uagb-ifb-content\"><div class=\"uagb-ifb-image-content\"><img decoding=\"async\" src=\"https:\/\/brnetwork.eu\/wp-content\/uploads\/2025\/08\/1.Fatti-Trovare-da-Nuovi-Clienti-e-Partner-in-Tutta-Italia400x300.jpg\" alt=\"\" width=\"100\" height=\"75\" loading=\"lazy\"\/><\/div><div class=\"uagb-ifb-title-wrap\"><h3 class=\"uagb-ifb-title\">Seja Encontrado por Novos Clientes e Parceiros em Toda a Europa<\/h3><\/div><p class=\"uagb-ifb-desc\">Con il tuo profilo su BRnetwork.it puoi:<br><br>\u2022 Aumentar sua visibilidade em nosso marketplace exclusivo.<br>\u2022 Encontrar novos clientes interessados em seus servi\u00e7os.<br>\u2022 Estabelecer parcerias com outras empresas brasileiras na Europa.<br>\u2022 Construir uma rede s\u00f3lida para aproveitar oportunidades \u00fanicas.<br><\/p><\/div><\/div><\/div>\n\n\n\n<div class=\"wp-block-uagb-info-box uagb-block-40ab93c4 uagb-infobox__content-wrap  uagb-infobox-icon-above-title uagb-infobox-image-valign-top\"><div class=\"uagb-ifb-content\"><div class=\"uagb-ifb-image-content\"><img decoding=\"async\" src=\"https:\/\/brnetwork.eu\/wp-content\/uploads\/2025\/08\/Le-Risorse-Giuste-per-Far-Crescere-il-Tuo-Business.jpg\" alt=\"\" width=\"100\" height=\"75\" loading=\"lazy\"\/><\/div><div class=\"uagb-ifb-title-wrap\"><h3 class=\"uagb-ifb-title\">Os Recursos Certos para Fazer Seu Neg\u00f3cio Crescer<\/h3><\/div><p class=\"uagb-ifb-desc\">Sabemos que abrir um neg\u00f3cio em um novo pa\u00eds \u00e9 um desafio. O <strong>BRnetwork<\/strong> n\u00e3o \u00e9 apenas um network, mas um ecossistema de crescimento que oferece:<br><br>\u2022 Suporte estrat\u00e9gico de mentores e especialistas do setor.<br>\u2022 Acesso a recursos e guias para navegar no mercado europeu.<br>\u2022 Uma plataforma s\u00f3lida para testar ideias e receber feedback.<br>\u2022 Conex\u00f5es valiosas para o seu crescimento profissional e empresarial.<\/p><\/div><\/div>\n\n\n\n<div class=\"wp-block-uagb-info-box uagb-block-4635f420 uagb-infobox__content-wrap  uagb-infobox-icon-above-title uagb-infobox-image-valign-top\"><div class=\"uagb-ifb-content\"><div class=\"uagb-ifb-image-content\"><img decoding=\"async\" src=\"https:\/\/brnetwork.eu\/wp-content\/uploads\/2025\/08\/La-Forza-della-Community-il-Calore-del-Brasile.jpg\" alt=\"\" width=\"100\" height=\"75\" loading=\"lazy\"\/><\/div><div class=\"uagb-ifb-title-wrap\"><h3 class=\"uagb-ifb-title\">A For\u00e7a da Comunidade, o Calor do Brasil<\/h3><\/div><p class=\"uagb-ifb-desc\">O <strong>BRnetwork<\/strong> \u00e9 um ecossistema digital criado por e para empreendedores brasileiros na Europa. Aqui voc\u00ea nunca est\u00e1 sozinho. Junte-se a n\u00f3s para:<br><br>\u2022 Participar de eventos exclusivos de networking e capacita\u00e7\u00e3o.<br>\u2022 Compartilhar experi\u00eancias e superar desafios juntos.<br>\u2022 Manter suas ra\u00edzes vivas e integrar a cultura brasileira ao seu neg\u00f3cio.<\/p><\/div><\/div>\n<\/div>\n<\/div><\/div>\n\n\n\n<div class=\"wp-block-uagb-container uagb-block-5e8badc3 alignfull uagb-is-root-container\"><div class=\"uagb-container-inner-blocks-wrap\">\n<div class=\"wp-block-uagb-info-box uagb-block-04464948 uagb-infobox__content-wrap  uagb-infobox-icon-above-title uagb-infobox-image-valign-top\"><div class=\"uagb-ifb-content\"><div class=\"uagb-ifb-title-wrap\"><h3 class=\"uagb-ifb-title\">Pronto para Entrar no Cora\u00e7\u00e3o do Business Brasileiro na Europa?<\/h3><\/div><p class=\"uagb-ifb-desc\">Imagine uma rede onde cada conex\u00e3o \u00e9 uma oportunidade e cada membro te apoia. Esse \u00e9 o <strong>BRnetwork<\/strong>. Pare de imaginar, comece a construir.<br>Milhares de profissionais e empresas j\u00e1 est\u00e3o te esperando.<\/p><\/div><\/div>\n\n\n\n<div class=\"wp-block-uagb-marketing-button uagb-marketing-btn__align-center uagb-marketing-btn__align-text-center uagb-marketing-btn__icon-after uagb-block-26cdfbf7 wp-block-button\"><a href=\"\/it\/subscribe\/\" class=\"uagb-marketing-btn__link wp-block-button__link\" target=\"\" rel=\"noopener noreferrer\"><span class=\"uagb-marketing-btn__title\">Iscriviti ora<\/span><svg xmlns=\"https:\/\/www.w3.org\/2000\/svg\" viewbox=\"0 0 512 512\"><path d=\"M384 320c-17.67 0-32 14.33-32 32v96H64V160h96c17.67 0 32-14.32 32-32s-14.33-32-32-32L64 96c-35.35 0-64 28.65-64 64V448c0 35.34 28.65 64 64 64h288c35.35 0 64-28.66 64-64v-96C416 334.3 401.7 320 384 320zM488 0H352c-12.94 0-24.62 7.797-29.56 19.75c-4.969 11.97-2.219 25.72 6.938 34.88L370.8 96L169.4 297.4c-12.5 12.5-12.5 32.75 0 45.25C175.6 348.9 183.8 352 192 352s16.38-3.125 22.62-9.375L416 141.3l41.38 41.38c9.156 9.141 22.88 11.84 34.88 6.938C504.2 184.6 512 172.9 512 160V24C512 10.74 501.3 0 488 0z\"><\/path><\/svg><p class=\"uagb-marketing-btn__prefix\"><\/p><\/a><\/div>\n<\/div><\/div>\n\n\n\n<p><\/p>","protected":false},"excerpt":{"rendered":"<p>Por que se inscrever O Network N\u00ba1 para Profissionais e Empreendedores Brasileiros na Europa Encontre clientes, parceiros e suporte estrat\u00e9gico. Fa\u00e7a parte da maior comunidade de neg\u00f3cios brasileira na Europa e fa\u00e7a seu neg\u00f3cio decolar.<\/p>","protected":false},"author":1,"featured_media":0,"parent":0,"menu_order":0,"comment_status":"closed","ping_status":"closed","template":"","meta":{"_acf_changed":false,"_uag_custom_page_level_css":"","site-sidebar-layout":"no-sidebar","site-content-layout":"plain-container","ast-site-content-layout":"full-width-container","site-content-style":"unboxed","site-sidebar-style":"unboxed","ast-global-header-display":"","ast-banner-title-visibility":"","ast-main-header-display":"","ast-hfb-above-header-display":"","ast-hfb-below-header-display":"","ast-hfb-mobile-header-display":"","site-post-title":"disabled","ast-breadcrumbs-content":"","ast-featured-img":"disabled","footer-sml-layout":"","theme-transparent-header-meta":"default","adv-header-id-meta":"","stick-header-meta":"","header-above-stick-meta":"","header-main-stick-meta":"","header-below-stick-meta":"","astra-migrate-meta-layouts":"set","ast-page-background-enabled":"default","ast-page-background-meta":{"desktop":{"background-color":"","background-image":"","background-repeat":"repeat","background-position":"center center","background-size":"auto","background-attachment":"scroll","background-type":"","background-media":"","overlay-type":"","overlay-color":"","overlay-opacity":"","overlay-gradient":""},"tablet":{"background-color":"","background-image":"","background-repeat":"repeat","background-position":"center center","background-size":"auto","background-attachment":"scroll","background-type":"","background-media":"","overlay-type":"","overlay-color":"","overlay-opacity":"","overlay-gradient":""},"mobile":{"background-color":"","background-image":"","background-repeat":"repeat","background-position":"center center","background-size":"auto","background-attachment":"scroll","background-type":"","background-media":"","overlay-type":"","overlay-color":"","overlay-opacity":"","overlay-gradient":""}},"ast-content-background-meta":{"desktop":{"background-color":"var(--ast-global-color-5)","background-image":"","background-repeat":"repeat","background-position":"center center","background-size":"auto","background-attachment":"scroll","background-type":"","background-media":"","overlay-type":"","overlay-color":"","overlay-opacity":"","overlay-gradient":""},"tablet":{"background-color":"var(--ast-global-color-5)","background-image":"","background-repeat":"repeat","background-position":"center center","background-size":"auto","background-attachment":"scroll","background-type":"","background-media":"","overlay-type":"","overlay-color":"","overlay-opacity":"","overlay-gradient":""},"mobile":{"background-color":"var(--ast-global-color-5)","background-image":"","background-repeat":"repeat","background-position":"center center","background-size":"auto","background-attachment":"scroll","background-type":"","background-media":"","overlay-type":"","overlay-color":"","overlay-opacity":"","overlay-gradient":""}},"footnotes":""},"class_list":["post-395","page","type-page","status-publish","hentry"],"acf":[],"yoast_head":"<!-- This site is optimized with the Yoast SEO plugin v27.5 - https:\/\/yoast.com\/product\/yoast-seo-wordpress\/ -->\n<title>Por que se inscrever \u2013 O Network Brasileiro na Europa<\/title>\n<meta name=\"description\" content=\"Junte-se ao network n\u00famero 1 para profissionais brasileiros na Europa: aumente sua visibilidade, encontre clientes, tenha acesso a mentoring e recursos exclusivos no Brete.it.\" \/>\n<meta name=\"robots\" content=\"index, follow, max-snippet:-1, max-image-preview:large, max-video-preview:-1\" \/>\n<link rel=\"canonical\" href=\"https:\/\/brnetwork.eu\/it\/why-join\/\" \/>\n<meta property=\"og:locale\" content=\"it_IT\" \/>\n<meta property=\"og:type\" content=\"article\" \/>\n<meta property=\"og:title\" content=\"Por que se inscrever \u2013 O Network Brasileiro na Europa\" \/>\n<meta property=\"og:description\" content=\"Junte-se ao network n\u00famero 1 para profissionais brasileiros na Europa: aumente sua visibilidade, encontre clientes, tenha acesso a mentoring e recursos exclusivos no Brete.it.\" \/>\n<meta property=\"og:url\" content=\"https:\/\/brnetwork.eu\/it\/why-join\/\" \/>\n<meta property=\"og:site_name\" content=\"BRnetwork\" \/>\n<meta property=\"article:publisher\" content=\"https:\/\/www.facebook.com\/profile.php?id=61579223851729\" \/>\n<meta property=\"article:modified_time\" content=\"2025-10-23T22:02:09+00:00\" \/>\n<meta property=\"og:image\" content=\"https:\/\/brnetwork.eu\/wp-content\/uploads\/2025\/08\/1.Fatti-Trovare-da-Nuovi-Clienti-e-Partner-in-Tutta-Italia400x300.jpg\" \/>\n<meta name=\"twitter:card\" content=\"summary_large_image\" \/>\n<meta name=\"twitter:label1\" content=\"Tempo di lettura stimato\" \/>\n\t<meta name=\"twitter:data1\" content=\"3 minuti\" \/>\n<script type=\"application\/ld+json\" class=\"yoast-schema-graph\">{\"@context\":\"https:\\\/\\\/schema.org\",\"@graph\":[{\"@type\":\"WebPage\",\"@id\":\"https:\\\/\\\/brnetwork.eu\\\/why-join\\\/\",\"url\":\"https:\\\/\\\/brnetwork.eu\\\/why-join\\\/\",\"name\":\"Por que se inscrever \u2013 O Network Brasileiro na Europa\",\"isPartOf\":{\"@id\":\"https:\\\/\\\/brnetwork.eu\\\/#website\"},\"primaryImageOfPage\":{\"@id\":\"https:\\\/\\\/brnetwork.eu\\\/why-join\\\/#primaryimage\"},\"image\":{\"@id\":\"https:\\\/\\\/brnetwork.eu\\\/why-join\\\/#primaryimage\"},\"thumbnailUrl\":\"https:\\\/\\\/brnetwork.eu\\\/wp-content\\\/uploads\\\/2025\\\/08\\\/1.Fatti-Trovare-da-Nuovi-Clienti-e-Partner-in-Tutta-Italia400x300.jpg\",\"datePublished\":\"2025-08-13T07:58:19+00:00\",\"dateModified\":\"2025-10-23T22:02:09+00:00\",\"description\":\"Junte-se ao network n\u00famero 1 para profissionais brasileiros na Europa: aumente sua visibilidade, encontre clientes, tenha acesso a mentoring e recursos exclusivos no Brete.it.\",\"breadcrumb\":{\"@id\":\"https:\\\/\\\/brnetwork.eu\\\/why-join\\\/#breadcrumb\"},\"inLanguage\":\"it-IT\",\"potentialAction\":[{\"@type\":\"ReadAction\",\"target\":[\"https:\\\/\\\/brnetwork.eu\\\/why-join\\\/\"]}]},{\"@type\":\"ImageObject\",\"inLanguage\":\"it-IT\",\"@id\":\"https:\\\/\\\/brnetwork.eu\\\/why-join\\\/#primaryimage\",\"url\":\"https:\\\/\\\/brnetwork.eu\\\/wp-content\\\/uploads\\\/2025\\\/08\\\/1.Fatti-Trovare-da-Nuovi-Clienti-e-Partner-in-Tutta-Italia400x300.jpg\",\"contentUrl\":\"https:\\\/\\\/brnetwork.eu\\\/wp-content\\\/uploads\\\/2025\\\/08\\\/1.Fatti-Trovare-da-Nuovi-Clienti-e-Partner-in-Tutta-Italia400x300.jpg\"},{\"@type\":\"BreadcrumbList\",\"@id\":\"https:\\\/\\\/brnetwork.eu\\\/why-join\\\/#breadcrumb\",\"itemListElement\":[{\"@type\":\"ListItem\",\"position\":1,\"name\":\"Home\",\"item\":\"https:\\\/\\\/brnetwork.eu\\\/\"},{\"@type\":\"ListItem\",\"position\":2,\"name\":\"Why join\"}]},{\"@type\":\"WebSite\",\"@id\":\"https:\\\/\\\/brnetwork.eu\\\/#website\",\"url\":\"https:\\\/\\\/brnetwork.eu\\\/\",\"name\":\"BRete\",\"description\":\"Impulsionar o networking e os neg\u00f3cios brasileiros na Europa.\",\"publisher\":{\"@id\":\"https:\\\/\\\/brnetwork.eu\\\/#organization\"},\"potentialAction\":[{\"@type\":\"SearchAction\",\"target\":{\"@type\":\"EntryPoint\",\"urlTemplate\":\"https:\\\/\\\/brnetwork.eu\\\/?s={search_term_string}\"},\"query-input\":{\"@type\":\"PropertyValueSpecification\",\"valueRequired\":true,\"valueName\":\"search_term_string\"}}],\"inLanguage\":\"it-IT\"},{\"@type\":\"Organization\",\"@id\":\"https:\\\/\\\/brnetwork.eu\\\/#organization\",\"name\":\"BRete\",\"url\":\"https:\\\/\\\/brnetwork.eu\\\/\",\"logo\":{\"@type\":\"ImageObject\",\"inLanguage\":\"it-IT\",\"@id\":\"https:\\\/\\\/brnetwork.eu\\\/#\\\/schema\\\/logo\\\/image\\\/\",\"url\":\"https:\\\/\\\/brnetwork.eu\\\/wp-content\\\/uploads\\\/2025\\\/08\\\/brete-logo.png\",\"contentUrl\":\"https:\\\/\\\/brnetwork.eu\\\/wp-content\\\/uploads\\\/2025\\\/08\\\/brete-logo.png\",\"width\":2558,\"height\":856,\"caption\":\"BRete\"},\"image\":{\"@id\":\"https:\\\/\\\/brnetwork.eu\\\/#\\\/schema\\\/logo\\\/image\\\/\"},\"sameAs\":[\"https:\\\/\\\/www.facebook.com\\\/profile.php?id=61579223851729\",\"https:\\\/\\\/www.linkedin.com\\\/company\\\/brete\"]}]}<\/script>\n<!-- \/ Yoast SEO plugin. -->","yoast_head_json":{"title":"Por que se inscrever \u2013 O Network Brasileiro na Europa","description":"Junte-se ao network n\u00famero 1 para profissionais brasileiros na Europa: aumente sua visibilidade, encontre clientes, tenha acesso a mentoring e recursos exclusivos no Brete.it.","robots":{"index":"index","follow":"follow","max-snippet":"max-snippet:-1","max-image-preview":"max-image-preview:large","max-video-preview":"max-video-preview:-1"},"canonical":"https:\/\/brnetwork.eu\/it\/why-join\/","og_locale":"it_IT","og_type":"article","og_title":"Por que se inscrever \u2013 O Network Brasileiro na Europa","og_description":"Junte-se ao network n\u00famero 1 para profissionais brasileiros na Europa: aumente sua visibilidade, encontre clientes, tenha acesso a mentoring e recursos exclusivos no Brete.it.","og_url":"https:\/\/brnetwork.eu\/it\/why-join\/","og_site_name":"BRnetwork","article_publisher":"https:\/\/www.facebook.com\/profile.php?id=61579223851729","article_modified_time":"2025-10-23T22:02:09+00:00","og_image":[{"url":"https:\/\/brnetwork.eu\/wp-content\/uploads\/2025\/08\/1.Fatti-Trovare-da-Nuovi-Clienti-e-Partner-in-Tutta-Italia400x300.jpg","type":"","width":"","height":""}],"twitter_card":"summary_large_image","twitter_misc":{"Tempo di lettura stimato":"3 minuti"},"schema":{"@context":"https:\/\/schema.org","@graph":[{"@type":"WebPage","@id":"https:\/\/brnetwork.eu\/why-join\/","url":"https:\/\/brnetwork.eu\/why-join\/","name":"Por que se inscrever \u2013 O Network Brasileiro na Europa","isPartOf":{"@id":"https:\/\/brnetwork.eu\/#website"},"primaryImageOfPage":{"@id":"https:\/\/brnetwork.eu\/why-join\/#primaryimage"},"image":{"@id":"https:\/\/brnetwork.eu\/why-join\/#primaryimage"},"thumbnailUrl":"https:\/\/brnetwork.eu\/wp-content\/uploads\/2025\/08\/1.Fatti-Trovare-da-Nuovi-Clienti-e-Partner-in-Tutta-Italia400x300.jpg","datePublished":"2025-08-13T07:58:19+00:00","dateModified":"2025-10-23T22:02:09+00:00","description":"Junte-se ao network n\u00famero 1 para profissionais brasileiros na Europa: aumente sua visibilidade, encontre clientes, tenha acesso a mentoring e recursos exclusivos no Brete.it.","breadcrumb":{"@id":"https:\/\/brnetwork.eu\/why-join\/#breadcrumb"},"inLanguage":"it-IT","potentialAction":[{"@type":"ReadAction","target":["https:\/\/brnetwork.eu\/why-join\/"]}]},{"@type":"ImageObject","inLanguage":"it-IT","@id":"https:\/\/brnetwork.eu\/why-join\/#primaryimage","url":"https:\/\/brnetwork.eu\/wp-content\/uploads\/2025\/08\/1.Fatti-Trovare-da-Nuovi-Clienti-e-Partner-in-Tutta-Italia400x300.jpg","contentUrl":"https:\/\/brnetwork.eu\/wp-content\/uploads\/2025\/08\/1.Fatti-Trovare-da-Nuovi-Clienti-e-Partner-in-Tutta-Italia400x300.jpg"},{"@type":"BreadcrumbList","@id":"https:\/\/brnetwork.eu\/why-join\/#breadcrumb","itemListElement":[{"@type":"ListItem","position":1,"name":"Home","item":"https:\/\/brnetwork.eu\/"},{"@type":"ListItem","position":2,"name":"Why join"}]},{"@type":"WebSite","@id":"https:\/\/brnetwork.eu\/#website","url":"https:\/\/brnetwork.eu\/","name":"BRete","description":"Impulsionar o networking e os neg\u00f3cios brasileiros na Europa.","publisher":{"@id":"https:\/\/brnetwork.eu\/#organization"},"potentialAction":[{"@type":"SearchAction","target":{"@type":"EntryPoint","urlTemplate":"https:\/\/brnetwork.eu\/?s={search_term_string}"},"query-input":{"@type":"PropertyValueSpecification","valueRequired":true,"valueName":"search_term_string"}}],"inLanguage":"it-IT"},{"@type":"Organization","@id":"https:\/\/brnetwork.eu\/#organization","name":"BRete","url":"https:\/\/brnetwork.eu\/","logo":{"@type":"ImageObject","inLanguage":"it-IT","@id":"https:\/\/brnetwork.eu\/#\/schema\/logo\/image\/","url":"https:\/\/brnetwork.eu\/wp-content\/uploads\/2025\/08\/brete-logo.png","contentUrl":"https:\/\/brnetwork.eu\/wp-content\/uploads\/2025\/08\/brete-logo.png","width":2558,"height":856,"caption":"BRete"},"image":{"@id":"https:\/\/brnetwork.eu\/#\/schema\/logo\/image\/"},"sameAs":["https:\/\/www.facebook.com\/profile.php?id=61579223851729","https:\/\/www.linkedin.com\/company\/brete"]}]}},"uagb_featured_image_src":{"full":false,"thumbnail":false,"medium":false,"medium_large":false,"large":false,"1536x1536":false,"2048x2048":false,"trp-custom-language-flag":false},"uagb_author_info":{"display_name":"root","author_link":"https:\/\/brnetwork.eu\/it\/author\/root\/"},"uagb_comment_info":0,"uagb_excerpt":"Por que se inscrever O Network N\u00ba1 para Profissionais e Empreendedores Brasileiros na Europa Encontre clientes, parceiros e suporte estrat\u00e9gico. Fa\u00e7a parte da maior comunidade de neg\u00f3cios brasileira na Europa e fa\u00e7a seu neg\u00f3cio decolar.","_links":{"self":[{"href":"https:\/\/brnetwork.eu\/it\/wp-json\/wp\/v2\/pages\/395","targetHints":{"allow":["GET"]}}],"collection":[{"href":"https:\/\/brnetwork.eu\/it\/wp-json\/wp\/v2\/pages"}],"about":[{"href":"https:\/\/brnetwork.eu\/it\/wp-json\/wp\/v2\/types\/page"}],"author":[{"embeddable":true,"href":"https:\/\/brnetwork.eu\/it\/wp-json\/wp\/v2\/users\/1"}],"replies":[{"embeddable":true,"href":"https:\/\/brnetwork.eu\/it\/wp-json\/wp\/v2\/comments?post=395"}],"version-history":[{"count":30,"href":"https:\/\/brnetwork.eu\/it\/wp-json\/wp\/v2\/pages\/395\/revisions"}],"predecessor-version":[{"id":3841,"href":"https:\/\/brnetwork.eu\/it\/wp-json\/wp\/v2\/pages\/395\/revisions\/3841"}],"wp:attachment":[{"href":"https:\/\/brnetwork.eu\/it\/wp-json\/wp\/v2\/media?parent=395"}],"curies":[{"name":"wp","href":"https:\/\/api.w.org\/{rel}","templated":true}]}}