{"id":397,"date":"2025-08-13T09:58:19","date_gmt":"2025-08-13T07:58:19","guid":{"rendered":"http:\/\/localhost\/contact\/"},"modified":"2025-10-24T00:38:00","modified_gmt":"2025-10-23T22:38:00","slug":"contact","status":"publish","type":"page","link":"https:\/\/brnetwork.eu\/it\/contact\/","title":{"rendered":"Contact"},"content":{"rendered":"<div class=\"wp-block-uagb-container uagb-block-67631224 alignfull uagb-is-root-container\"><div class=\"uagb-container-inner-blocks-wrap\">\n<div class=\"wp-block-uagb-advanced-heading uagb-block-67623225\"><h1 class=\"uagb-heading-text\">Contate-nos<\/h1><\/div>\n<\/div><\/div>\n\n\n\n<div class=\"wp-block-columns is-layout-flex wp-container-core-columns-is-layout-28f84493 wp-block-columns-is-layout-flex\">\n<div class=\"wp-block-column is-layout-flow wp-block-column-is-layout-flow\" style=\"flex-basis:100%\">\n<div class=\"wp-block-uagb-container uagb-block-e4f8738e alignfull uagb-is-root-container\"><div class=\"uagb-container-inner-blocks-wrap\">\n<div class=\"wp-block-columns is-layout-flex wp-container-core-columns-is-layout-28f84493 wp-block-columns-is-layout-flex\">\n<div class=\"wp-block-column is-layout-flow wp-block-column-is-layout-flow\" style=\"flex-basis:100%\">\n<div class=\"wp-block-uagb-container uagb-block-1855612d\">\n<div class=\"wp-block-uagb-container uagb-block-29ee0f63\">\n<div class=\"wpcf7 no-js\" id=\"wpcf7-f2489-o1\" lang=\"en-US\" dir=\"ltr\" data-wpcf7-id=\"2489\">\n<div class=\"screen-reader-response\"><p role=\"status\" aria-live=\"polite\" aria-atomic=\"true\"><\/p> <ul><\/ul><\/div>\n<form action=\"\/it\/wp-json\/wp\/v2\/pages\/397#wpcf7-f2489-o1\" method=\"post\" class=\"wpcf7-form init\" aria-label=\"Contact form\" novalidate=\"novalidate\" data-status=\"init\" data-trp-original-action=\"\/it\/wp-json\/wp\/v2\/pages\/397#wpcf7-f2489-o1\">\n<fieldset class=\"hidden-fields-container\"><input type=\"hidden\" name=\"_wpcf7\" value=\"2489\" \/><input type=\"hidden\" name=\"_wpcf7_version\" value=\"6.1.2\" \/><input type=\"hidden\" name=\"_wpcf7_locale\" value=\"en_US\" \/><input type=\"hidden\" name=\"_wpcf7_unit_tag\" value=\"wpcf7-f2489-o1\" \/><input type=\"hidden\" name=\"_wpcf7_container_post\" value=\"0\" \/><input type=\"hidden\" name=\"_wpcf7_posted_data_hash\" value=\"\" \/><input type=\"hidden\" name=\"_wpcf7_recaptcha_response\" value=\"\" \/>\n<\/fieldset>\n<div class=\"contact-form\">\n  <div class=\"information\">\n    <label>\n      Il tuo nome* <span class=\"wpcf7-form-control-wrap\" data-name=\"your-name\"><input size=\"40\" maxlength=\"400\" class=\"wpcf7-form-control wpcf7-text wpcf7-validates-as-required\" autocomplete=\"name\" aria-required=\"true\" aria-invalid=\"false\" placeholder=\"Mario Rossi\" value=\"\" type=\"text\" name=\"your-name\" \/><\/span>\n    <\/label>\n\n    <label>\n      La tua email* <span class=\"wpcf7-form-control-wrap\" data-name=\"your-email\"><input size=\"40\" maxlength=\"400\" class=\"wpcf7-form-control wpcf7-email wpcf7-validates-as-required wpcf7-text wpcf7-validates-as-email\" autocomplete=\"email\" aria-required=\"true\" aria-invalid=\"false\" placeholder=\"mario.rossi@example.com\" value=\"\" type=\"email\" name=\"your-email\" \/><\/span>\n    <\/label>\n\n    <label>\n      Come ci hai conosciuto?* <span class=\"wpcf7-form-control-wrap\" data-name=\"come-ci-hai-conosciuto\"><select class=\"wpcf7-form-control wpcf7-select wpcf7-validates-as-required\" aria-required=\"true\" aria-invalid=\"false\" name=\"come-ci-hai-conosciuto\"><option value=\"Seleziona      un&#039;opzione\">Seleziona\n      un&#039;opzione<\/option><option value=\"Google \/ Motore di ricerca\">Google \/ Motore di ricerca<\/option><option value=\"Social media (Instagram,      Facebook, TikTok)\">Social media (Instagram,\n      Facebook, TikTok)<\/option><option value=\"LinkedIn\">LinkedIn<\/option><option value=\"Pinterest\">Pinterest<\/option><option value=\"YouTube\">YouTube<\/option><option value=\"Articolo o blog post\">Articolo o blog post<\/option><option value=\"Annuncio pubblicitario online\">Annuncio pubblicitario online<\/option><option value=\"Webinar\">Webinar<\/option><option value=\"Evento o fiera di settore\">Evento o fiera di settore<\/option><option value=\"Passaparola \/ Consiglio di un amico\">Passaparola \/ Consiglio di un amico<\/option><option value=\"Sono gi\u00e0 clienti\">Sono gi\u00e0 clienti<\/option><option value=\"Newsletter o      email marketing\">Newsletter o\n      email marketing<\/option><option value=\"Altro\">Altro<\/option><\/select><\/span>\n    <\/label>\n\n    <label>\n      Seleziona una categoria* <span class=\"wpcf7-form-control-wrap\" data-name=\"categoria\"><select class=\"wpcf7-form-control wpcf7-select wpcf7-validates-as-required\" aria-required=\"true\" aria-invalid=\"false\" name=\"categoria\"><option value=\"Assistenza clienti\">Assistenza clienti<\/option><option value=\"Richiesta commerciale\">Richiesta commerciale<\/option><option value=\"Partnership\">Partnership<\/option><option value=\"Ufficio stampa\">Ufficio stampa<\/option><option value=\"Altro\">Altro<\/option><\/select><\/span>\n    <\/label>\n  <\/div>\n  <div class=\"message\">\n    <label>\n      Soggetto* <span class=\"wpcf7-form-control-wrap\" data-name=\"your-subject\"><input size=\"40\" maxlength=\"400\" class=\"wpcf7-form-control wpcf7-text wpcf7-validates-as-required\" aria-required=\"true\" aria-invalid=\"false\" placeholder=\"Inserisci il soggetto\" value=\"\" type=\"text\" name=\"your-subject\" \/><\/span>\n    <\/label>\n\n    <label>\n      Messaggio (opzionale) <span class=\"wpcf7-form-control-wrap\" data-name=\"your-message\"><textarea cols=\"40\" rows=\"10\" maxlength=\"2000\" class=\"wpcf7-form-control wpcf7-textarea\" aria-invalid=\"false\" placeholder=\"Inserisci il tuo      messaggio\" name=\"your-message\"><\/textarea><\/span>\n    <\/label>\n\n    <input class=\"wpcf7-form-control wpcf7-submit has-spinner\" type=\"submit\" value=\"Invia\" \/>\n  <\/div>\n<\/div><div class=\"wpcf7-response-output\" aria-hidden=\"true\"><\/div>\n<input type=\"hidden\" name=\"trp-form-language\" value=\"it\"\/><\/form>\n<\/div>\n\n<\/div>\n\n\n\n<div class=\"wp-block-uagb-container uagb-block-86f9198d\">\n<div class=\"wp-block-uagb-info-box uagb-block-976c5b71 uagb-infobox__content-wrap  uagb-infobox-icon-above-title uagb-infobox-image-valign-top wp-block-uagb-info-box--has-margin\"><div class=\"uagb-infobox-margin-wrapper\"><div class=\"uagb-ifb-content\"><div class=\"uagb-ifb-title-wrap\"><h2 class=\"uagb-ifb-title\">Voc\u00ea est\u00e1 lan\u00e7ando um business, um servi\u00e7o ou um produto?<\/h2><\/div><p class=\"uagb-ifb-desc\">Nossa equipe est\u00e1 \u00e0 disposi\u00e7\u00e3o para oferecer uma consultoria gratuita e sugest\u00f5es estrat\u00e9gicas sob medida.<\/p><div class=\"uagb-ifb-button-wrapper wp-block-button\"><a href=\"https:\/\/wa.me\/393342776161?text=Ol%C3%A0%2C%20gostaria%20de%20falar%20sobre%20um%20projeto%20que%20gostaria%20de%20realizar%20em%20%5Bcidade%20e%20pais%20europeu%5D\" class=\"uagb-infobox-cta-link wp-block-button__link\" target=\"_self\" rel=\"noopener noreferrer\" onclick=\"return true;\"><span class=\"uagb-inline-editing\">Contate-nos<\/span><\/a><\/div><\/div><\/div><\/div>\n<\/div>\n<\/div>\n<\/div>\n<\/div>\n<\/div><\/div>\n<\/div>\n<\/div>","protected":false},"excerpt":{"rendered":"<p>Contate-nos<\/p>","protected":false},"author":1,"featured_media":0,"parent":0,"menu_order":0,"comment_status":"closed","ping_status":"closed","template":"","meta":{"_acf_changed":false,"_uag_custom_page_level_css":"","site-sidebar-layout":"no-sidebar","site-content-layout":"plain-container","ast-site-content-layout":"full-width-container","site-content-style":"unboxed","site-sidebar-style":"unboxed","ast-global-header-display":"","ast-banner-title-visibility":"","ast-main-header-display":"","ast-hfb-above-header-display":"","ast-hfb-below-header-display":"","ast-hfb-mobile-header-display":"","site-post-title":"disabled","ast-breadcrumbs-content":"","ast-featured-img":"disabled","footer-sml-layout":"","theme-transparent-header-meta":"default","adv-header-id-meta":"","stick-header-meta":"","header-above-stick-meta":"","header-main-stick-meta":"","header-below-stick-meta":"","astra-migrate-meta-layouts":"set","ast-page-background-enabled":"default","ast-page-background-meta":{"desktop":{"background-color":"","background-image":"","background-repeat":"repeat","background-position":"center center","background-size":"auto","background-attachment":"scroll","background-type":"","background-media":"","overlay-type":"","overlay-color":"","overlay-opacity":"","overlay-gradient":""},"tablet":{"background-color":"","background-image":"","background-repeat":"repeat","background-position":"center center","background-size":"auto","background-attachment":"scroll","background-type":"","background-media":"","overlay-type":"","overlay-color":"","overlay-opacity":"","overlay-gradient":""},"mobile":{"background-color":"","background-image":"","background-repeat":"repeat","background-position":"center center","background-size":"auto","background-attachment":"scroll","background-type":"","background-media":"","overlay-type":"","overlay-color":"","overlay-opacity":"","overlay-gradient":""}},"ast-content-background-meta":{"desktop":{"background-color":"var(--ast-global-color-5)","background-image":"","background-repeat":"repeat","background-position":"center center","background-size":"auto","background-attachment":"scroll","background-type":"","background-media":"","overlay-type":"","overlay-color":"","overlay-opacity":"","overlay-gradient":""},"tablet":{"background-color":"var(--ast-global-color-5)","background-image":"","background-repeat":"repeat","background-position":"center center","background-size":"auto","background-attachment":"scroll","background-type":"","background-media":"","overlay-type":"","overlay-color":"","overlay-opacity":"","overlay-gradient":""},"mobile":{"background-color":"var(--ast-global-color-5)","background-image":"","background-repeat":"repeat","background-position":"center center","background-size":"auto","background-attachment":"scroll","background-type":"","background-media":"","overlay-type":"","overlay-color":"","overlay-opacity":"","overlay-gradient":""}},"footnotes":""},"class_list":["post-397","page","type-page","status-publish","hentry"],"acf":[],"yoast_head":"<!-- This site is optimized with the Yoast SEO plugin v27.5 - https:\/\/yoast.com\/product\/yoast-seo-wordpress\/ -->\n<title>Contact - BRnetwork<\/title>\n<meta name=\"robots\" content=\"index, follow, max-snippet:-1, max-image-preview:large, max-video-preview:-1\" \/>\n<link rel=\"canonical\" href=\"https:\/\/brnetwork.eu\/it\/contact\/\" \/>\n<meta property=\"og:locale\" content=\"it_IT\" \/>\n<meta property=\"og:type\" content=\"article\" \/>\n<meta property=\"og:title\" content=\"Contact - BRnetwork\" \/>\n<meta property=\"og:description\" content=\"Contate-nos\" \/>\n<meta property=\"og:url\" content=\"https:\/\/brnetwork.eu\/it\/contact\/\" \/>\n<meta property=\"og:site_name\" content=\"BRnetwork\" \/>\n<meta property=\"article:publisher\" content=\"https:\/\/www.facebook.com\/profile.php?id=61579223851729\" \/>\n<meta property=\"article:modified_time\" content=\"2025-10-23T22:38:00+00:00\" \/>\n<meta name=\"twitter:card\" content=\"summary_large_image\" \/>\n<meta name=\"twitter:label1\" content=\"Tempo di lettura stimato\" \/>\n\t<meta name=\"twitter:data1\" content=\"1 minuto\" \/>\n<script type=\"application\/ld+json\" class=\"yoast-schema-graph\">{\"@context\":\"https:\\\/\\\/schema.org\",\"@graph\":[{\"@type\":\"WebPage\",\"@id\":\"https:\\\/\\\/brnetwork.eu\\\/contact\\\/\",\"url\":\"https:\\\/\\\/brnetwork.eu\\\/contact\\\/\",\"name\":\"Contact - BRnetwork\",\"isPartOf\":{\"@id\":\"https:\\\/\\\/brnetwork.eu\\\/#website\"},\"datePublished\":\"2025-08-13T07:58:19+00:00\",\"dateModified\":\"2025-10-23T22:38:00+00:00\",\"breadcrumb\":{\"@id\":\"https:\\\/\\\/brnetwork.eu\\\/contact\\\/#breadcrumb\"},\"inLanguage\":\"it-IT\",\"potentialAction\":[{\"@type\":\"ReadAction\",\"target\":[\"https:\\\/\\\/brnetwork.eu\\\/contact\\\/\"]}]},{\"@type\":\"BreadcrumbList\",\"@id\":\"https:\\\/\\\/brnetwork.eu\\\/contact\\\/#breadcrumb\",\"itemListElement\":[{\"@type\":\"ListItem\",\"position\":1,\"name\":\"Home\",\"item\":\"https:\\\/\\\/brnetwork.eu\\\/\"},{\"@type\":\"ListItem\",\"position\":2,\"name\":\"Contact\"}]},{\"@type\":\"WebSite\",\"@id\":\"https:\\\/\\\/brnetwork.eu\\\/#website\",\"url\":\"https:\\\/\\\/brnetwork.eu\\\/\",\"name\":\"BRete\",\"description\":\"Impulsionar o networking e os neg\u00f3cios brasileiros na Europa.\",\"publisher\":{\"@id\":\"https:\\\/\\\/brnetwork.eu\\\/#organization\"},\"potentialAction\":[{\"@type\":\"SearchAction\",\"target\":{\"@type\":\"EntryPoint\",\"urlTemplate\":\"https:\\\/\\\/brnetwork.eu\\\/?s={search_term_string}\"},\"query-input\":{\"@type\":\"PropertyValueSpecification\",\"valueRequired\":true,\"valueName\":\"search_term_string\"}}],\"inLanguage\":\"it-IT\"},{\"@type\":\"Organization\",\"@id\":\"https:\\\/\\\/brnetwork.eu\\\/#organization\",\"name\":\"BRete\",\"url\":\"https:\\\/\\\/brnetwork.eu\\\/\",\"logo\":{\"@type\":\"ImageObject\",\"inLanguage\":\"it-IT\",\"@id\":\"https:\\\/\\\/brnetwork.eu\\\/#\\\/schema\\\/logo\\\/image\\\/\",\"url\":\"https:\\\/\\\/brnetwork.eu\\\/wp-content\\\/uploads\\\/2025\\\/08\\\/brete-logo.png\",\"contentUrl\":\"https:\\\/\\\/brnetwork.eu\\\/wp-content\\\/uploads\\\/2025\\\/08\\\/brete-logo.png\",\"width\":2558,\"height\":856,\"caption\":\"BRete\"},\"image\":{\"@id\":\"https:\\\/\\\/brnetwork.eu\\\/#\\\/schema\\\/logo\\\/image\\\/\"},\"sameAs\":[\"https:\\\/\\\/www.facebook.com\\\/profile.php?id=61579223851729\",\"https:\\\/\\\/www.linkedin.com\\\/company\\\/brete\"]}]}<\/script>\n<!-- \/ Yoast SEO plugin. -->","yoast_head_json":{"title":"Contact - BRnetwork","robots":{"index":"index","follow":"follow","max-snippet":"max-snippet:-1","max-image-preview":"max-image-preview:large","max-video-preview":"max-video-preview:-1"},"canonical":"https:\/\/brnetwork.eu\/it\/contact\/","og_locale":"it_IT","og_type":"article","og_title":"Contact - BRnetwork","og_description":"Contate-nos","og_url":"https:\/\/brnetwork.eu\/it\/contact\/","og_site_name":"BRnetwork","article_publisher":"https:\/\/www.facebook.com\/profile.php?id=61579223851729","article_modified_time":"2025-10-23T22:38:00+00:00","twitter_card":"summary_large_image","twitter_misc":{"Tempo di lettura stimato":"1 minuto"},"schema":{"@context":"https:\/\/schema.org","@graph":[{"@type":"WebPage","@id":"https:\/\/brnetwork.eu\/contact\/","url":"https:\/\/brnetwork.eu\/contact\/","name":"Contact - BRnetwork","isPartOf":{"@id":"https:\/\/brnetwork.eu\/#website"},"datePublished":"2025-08-13T07:58:19+00:00","dateModified":"2025-10-23T22:38:00+00:00","breadcrumb":{"@id":"https:\/\/brnetwork.eu\/contact\/#breadcrumb"},"inLanguage":"it-IT","potentialAction":[{"@type":"ReadAction","target":["https:\/\/brnetwork.eu\/contact\/"]}]},{"@type":"BreadcrumbList","@id":"https:\/\/brnetwork.eu\/contact\/#breadcrumb","itemListElement":[{"@type":"ListItem","position":1,"name":"Home","item":"https:\/\/brnetwork.eu\/"},{"@type":"ListItem","position":2,"name":"Contact"}]},{"@type":"WebSite","@id":"https:\/\/brnetwork.eu\/#website","url":"https:\/\/brnetwork.eu\/","name":"BRete","description":"Impulsionar o networking e os neg\u00f3cios brasileiros na Europa.","publisher":{"@id":"https:\/\/brnetwork.eu\/#organization"},"potentialAction":[{"@type":"SearchAction","target":{"@type":"EntryPoint","urlTemplate":"https:\/\/brnetwork.eu\/?s={search_term_string}"},"query-input":{"@type":"PropertyValueSpecification","valueRequired":true,"valueName":"search_term_string"}}],"inLanguage":"it-IT"},{"@type":"Organization","@id":"https:\/\/brnetwork.eu\/#organization","name":"BRete","url":"https:\/\/brnetwork.eu\/","logo":{"@type":"ImageObject","inLanguage":"it-IT","@id":"https:\/\/brnetwork.eu\/#\/schema\/logo\/image\/","url":"https:\/\/brnetwork.eu\/wp-content\/uploads\/2025\/08\/brete-logo.png","contentUrl":"https:\/\/brnetwork.eu\/wp-content\/uploads\/2025\/08\/brete-logo.png","width":2558,"height":856,"caption":"BRete"},"image":{"@id":"https:\/\/brnetwork.eu\/#\/schema\/logo\/image\/"},"sameAs":["https:\/\/www.facebook.com\/profile.php?id=61579223851729","https:\/\/www.linkedin.com\/company\/brete"]}]}},"uagb_featured_image_src":{"full":false,"thumbnail":false,"medium":false,"medium_large":false,"large":false,"1536x1536":false,"2048x2048":false,"trp-custom-language-flag":false},"uagb_author_info":{"display_name":"root","author_link":"https:\/\/brnetwork.eu\/it\/author\/root\/"},"uagb_comment_info":0,"uagb_excerpt":"Contate-nos","_links":{"self":[{"href":"https:\/\/brnetwork.eu\/it\/wp-json\/wp\/v2\/pages\/397","targetHints":{"allow":["GET"]}}],"collection":[{"href":"https:\/\/brnetwork.eu\/it\/wp-json\/wp\/v2\/pages"}],"about":[{"href":"https:\/\/brnetwork.eu\/it\/wp-json\/wp\/v2\/types\/page"}],"author":[{"embeddable":true,"href":"https:\/\/brnetwork.eu\/it\/wp-json\/wp\/v2\/users\/1"}],"replies":[{"embeddable":true,"href":"https:\/\/brnetwork.eu\/it\/wp-json\/wp\/v2\/comments?post=397"}],"version-history":[{"count":13,"href":"https:\/\/brnetwork.eu\/it\/wp-json\/wp\/v2\/pages\/397\/revisions"}],"predecessor-version":[{"id":3843,"href":"https:\/\/brnetwork.eu\/it\/wp-json\/wp\/v2\/pages\/397\/revisions\/3843"}],"wp:attachment":[{"href":"https:\/\/brnetwork.eu\/it\/wp-json\/wp\/v2\/media?parent=397"}],"curies":[{"name":"wp","href":"https:\/\/api.w.org\/{rel}","templated":true}]}}